{"id":23925,"date":"2024-04-19T17:47:34","date_gmt":"2024-04-19T15:47:34","guid":{"rendered":"https:\/\/eldoradolanguages.com\/polska\/?page_id=23925"},"modified":"2025-06-06T16:25:41","modified_gmt":"2025-06-06T14:25:41","slug":"formularz-zapisow-polkolonie","status":"publish","type":"page","link":"https:\/\/eldoradolanguages.com\/polska\/formularz-zapisow-polkolonie\/","title":{"rendered":"FORMULARZ ZAPIS\u00d3W- P\u00d3\u0141KOLONIE"},"content":{"rendered":"\t\t<div data-elementor-type=\"wp-page\" data-elementor-id=\"23925\" class=\"elementor elementor-23925\">\n\t\t\t\t<div class=\"elementor-element elementor-element-0ede8c9 e-grid e-con-full e-con e-parent\" data-id=\"0ede8c9\" data-element_type=\"container\" data-core-v316-plus=\"true\">\n\t\t\t\t<div class=\"elementor-element elementor-element-f2e17b0 elementor-widget__width-initial elementor-widget elementor-widget-shortcode\" data-id=\"f2e17b0\" data-element_type=\"widget\" data-widget_type=\"shortcode.default\">\n\t\t\t\t<div class=\"elementor-widget-container\">\n\t\t\t\t\t<div class=\"elementor-shortcode\">\n<div class=\"wpcf7 no-js\" id=\"wpcf7-f23840-o1\" lang=\"en-US\" dir=\"ltr\" data-wpcf7-id=\"23840\">\n<div class=\"screen-reader-response\"><p role=\"status\" aria-live=\"polite\" aria-atomic=\"true\"><\/p> <ul><\/ul><\/div>\n<form action=\"\/polska\/wp-json\/wp\/v2\/pages\/23925#wpcf7-f23840-o1\" method=\"post\" class=\"wpcf7-form init\" aria-label=\"Contact form\" novalidate=\"novalidate\" data-status=\"init\">\n<div style=\"display: none;\">\n<input type=\"hidden\" name=\"_wpcf7\" value=\"23840\" \/>\n<input type=\"hidden\" name=\"_wpcf7_version\" value=\"6.0.3\" \/>\n<input type=\"hidden\" name=\"_wpcf7_locale\" value=\"en_US\" \/>\n<input type=\"hidden\" name=\"_wpcf7_unit_tag\" value=\"wpcf7-f23840-o1\" \/>\n<input type=\"hidden\" name=\"_wpcf7_container_post\" value=\"0\" \/>\n<input type=\"hidden\" name=\"_wpcf7_posted_data_hash\" value=\"\" \/>\n<\/div>\n<p><B>WYBIERZ TERMIN:<\/b><span class=\"wpcf7-form-control-wrap\" data-name=\"TURNUS\"><span class=\"wpcf7-form-control wpcf7-checkbox wpcf7-validates-as-required\"><span class=\"wpcf7-list-item first last\"><label><input type=\"checkbox\" name=\"TURNUS[]\" value=\"TURNUS I (2-6 luty 2026)\" \/><span class=\"wpcf7-list-item-label\">TURNUS I (2-6 luty 2026)<\/span><\/label><\/span><\/span><\/span>\n<\/p>\n<p><span class=\"wpcf7-form-control-wrap\" data-name=\"your-name\"><input size=\"40\" maxlength=\"400\" class=\"wpcf7-form-control wpcf7-text wpcf7-validates-as-required\" aria-required=\"true\" aria-invalid=\"false\" placeholder=\"Imi\u0119 i nazwisko uczestnika *\" value=\"\" type=\"text\" name=\"your-name\" \/><\/span>\n<\/p>\n<p><span class=\"wpcf7-form-control-wrap\" data-name=\"date-732\"><input class=\"wpcf7-form-control wpcf7-date wpcf7-validates-as-required wpcf7-validates-as-date\" aria-required=\"true\" aria-invalid=\"false\" placeholder=\"data urodzenia uczestnika*\" value=\"\" type=\"date\" name=\"date-732\" \/><\/span>\n<\/p>\n<p><span class=\"wpcf7-form-control-wrap\" data-name=\"text-227\"><input size=\"40\" maxlength=\"400\" class=\"wpcf7-form-control wpcf7-text wpcf7-validates-as-required\" aria-required=\"true\" aria-invalid=\"false\" placeholder=\"Imi\u0119 i nazwisko rodzica\/opiekuna*\" value=\"\" type=\"text\" name=\"text-227\" \/><\/span>\n<\/p>\n<p><span class=\"wpcf7-form-control-wrap\" data-name=\"tel-266\"><input size=\"40\" maxlength=\"400\" class=\"wpcf7-form-control wpcf7-tel wpcf7-validates-as-required wpcf7-text wpcf7-validates-as-tel\" aria-required=\"true\" aria-invalid=\"false\" placeholder=\"Numer Telefonu rodzica\/opiekuna*\" value=\"\" type=\"tel\" name=\"tel-266\" \/><\/span>\n<\/p>\n<p><span class=\"wpcf7-form-control-wrap\" data-name=\"your-email\"><input size=\"40\" maxlength=\"400\" class=\"wpcf7-form-control wpcf7-email wpcf7-validates-as-required wpcf7-text wpcf7-validates-as-email\" aria-required=\"true\" aria-invalid=\"false\" placeholder=\"Email rodzica\/opiekuna*\" value=\"\" type=\"email\" name=\"your-email\" \/><\/span>\n<\/p>\n<p><span class=\"wpcf7-form-control-wrap\" data-name=\"your-message\"><textarea cols=\"40\" rows=\"10\" maxlength=\"2000\" class=\"wpcf7-form-control wpcf7-textarea\" aria-invalid=\"false\" placeholder=\"Wiadomo\u015b\u0107\" name=\"your-message\"><\/textarea><\/span>\n<\/p>\n<p><input class=\"wpcf7-form-control wpcf7-submit has-spinner\" type=\"submit\" value=\"Wy\u015blij\" \/>\n<\/p><div class=\"wpcf7-response-output\" aria-hidden=\"true\"><\/div>\n<\/form>\n<\/div>\n<\/div>\n\t\t\t\t<\/div>\n\t\t\t\t<\/div>\n\t\t\t\t<div class=\"elementor-element elementor-element-fc7441a elementor-widget elementor-widget-image\" data-id=\"fc7441a\" data-element_type=\"widget\" data-widget_type=\"image.default\">\n\t\t\t\t<div class=\"elementor-widget-container\">\n\t\t\t<style>\/*! elementor - v3.20.0 - 26-03-2024 *\/\n.elementor-widget-image{text-align:center}.elementor-widget-image a{display:inline-block}.elementor-widget-image a img[src$=\".svg\"]{width:48px}.elementor-widget-image img{vertical-align:middle;display:inline-block}<\/style>\t\t\t\t\t\t\t\t\t\t<img fetchpriority=\"high\" decoding=\"async\" width=\"640\" height=\"640\" src=\"https:\/\/eldoradolanguages.com\/polska\/wp-content\/uploads\/2025\/06\/polkolonie-zdjecie.png\" class=\"attachment-large size-large wp-image-24398\" alt=\"\" srcset=\"https:\/\/eldoradolanguages.com\/polska\/wp-content\/uploads\/2025\/06\/polkolonie-zdjecie.png 1024w, https:\/\/eldoradolanguages.com\/polska\/wp-content\/uploads\/2025\/06\/polkolonie-zdjecie-300x300.png 300w, https:\/\/eldoradolanguages.com\/polska\/wp-content\/uploads\/2025\/06\/polkolonie-zdjecie-150x150.png 150w, https:\/\/eldoradolanguages.com\/polska\/wp-content\/uploads\/2025\/06\/polkolonie-zdjecie-768x768.png 768w, https:\/\/eldoradolanguages.com\/polska\/wp-content\/uploads\/2025\/06\/polkolonie-zdjecie-600x600.png 600w, https:\/\/eldoradolanguages.com\/polska\/wp-content\/uploads\/2025\/06\/polkolonie-zdjecie-100x100.png 100w\" sizes=\"(max-width: 640px) 100vw, 640px\" \/>\t\t\t\t\t\t\t\t\t\t\t\t\t<\/div>\n\t\t\t\t<\/div>\n\t\t\t\t<\/div>\n\t\t\t\t<\/div>\n\t\t","protected":false},"excerpt":{"rendered":"","protected":false},"author":4,"featured_media":0,"parent":0,"menu_order":0,"comment_status":"closed","ping_status":"closed","template":"elementor_header_footer","meta":{"content-type":"","footnotes":""},"class_list":["post-23925","page","type-page","status-publish","hentry"],"_links":{"self":[{"href":"https:\/\/eldoradolanguages.com\/polska\/wp-json\/wp\/v2\/pages\/23925","targetHints":{"allow":["GET"]}}],"collection":[{"href":"https:\/\/eldoradolanguages.com\/polska\/wp-json\/wp\/v2\/pages"}],"about":[{"href":"https:\/\/eldoradolanguages.com\/polska\/wp-json\/wp\/v2\/types\/page"}],"author":[{"embeddable":true,"href":"https:\/\/eldoradolanguages.com\/polska\/wp-json\/wp\/v2\/users\/4"}],"replies":[{"embeddable":true,"href":"https:\/\/eldoradolanguages.com\/polska\/wp-json\/wp\/v2\/comments?post=23925"}],"version-history":[{"count":17,"href":"https:\/\/eldoradolanguages.com\/polska\/wp-json\/wp\/v2\/pages\/23925\/revisions"}],"predecessor-version":[{"id":24401,"href":"https:\/\/eldoradolanguages.com\/polska\/wp-json\/wp\/v2\/pages\/23925\/revisions\/24401"}],"wp:attachment":[{"href":"https:\/\/eldoradolanguages.com\/polska\/wp-json\/wp\/v2\/media?parent=23925"}],"curies":[{"name":"wp","href":"https:\/\/api.w.org\/{rel}","templated":true}]}}