{"id":24788,"date":"2025-08-20T17:51:12","date_gmt":"2025-08-20T15:51:12","guid":{"rendered":"https:\/\/eldoradolanguages.com\/polska\/?page_id=24788"},"modified":"2025-08-20T17:55:11","modified_gmt":"2025-08-20T15:55:11","slug":"legends","status":"publish","type":"page","link":"https:\/\/eldoradolanguages.com\/polska\/legends\/","title":{"rendered":"LEGENDS"},"content":{"rendered":"\t\t<div data-elementor-type=\"wp-page\" data-elementor-id=\"24788\" class=\"elementor elementor-24788\">\n\t\t\t\t\t\t<section class=\"elementor-section elementor-top-section elementor-element elementor-element-1b0433d elementor-section-boxed elementor-section-height-default elementor-section-height-default\" data-id=\"1b0433d\" data-element_type=\"section\" data-settings=\"{&quot;background_background&quot;:&quot;slideshow&quot;,&quot;background_slideshow_gallery&quot;:[{&quot;id&quot;:24592,&quot;url&quot;:&quot;https:\\\/\\\/eldoradolanguages.com\\\/polska\\\/wp-content\\\/uploads\\\/2025\\\/08\\\/7-2.png&quot;}],&quot;background_slideshow_loop&quot;:&quot;yes&quot;,&quot;background_slideshow_slide_duration&quot;:5000,&quot;background_slideshow_slide_transition&quot;:&quot;fade&quot;,&quot;background_slideshow_transition_duration&quot;:500}\">\n\t\t\t\t\t\t<div class=\"elementor-container elementor-column-gap-no\">\n\t\t\t\t\t<div class=\"elementor-column elementor-col-50 elementor-top-column elementor-element elementor-element-2527cdc\" data-id=\"2527cdc\" data-element_type=\"column\">\n\t\t\t<div class=\"elementor-widget-wrap elementor-element-populated\">\n\t\t\t\t\t\t<div class=\"elementor-element elementor-element-bf67d50 elementor-widget elementor-widget-image\" data-id=\"bf67d50\" data-element_type=\"widget\" data-widget_type=\"image.default\">\n\t\t\t\t<div class=\"elementor-widget-container\">\n\t\t\t<style>\/*! elementor - v3.20.0 - 26-03-2024 *\/\n.elementor-widget-image{text-align:center}.elementor-widget-image a{display:inline-block}.elementor-widget-image a img[src$=\".svg\"]{width:48px}.elementor-widget-image img{vertical-align:middle;display:inline-block}<\/style>\t\t\t\t\t\t\t\t\t\t<img fetchpriority=\"high\" decoding=\"async\" width=\"640\" height=\"640\" src=\"https:\/\/eldoradolanguages.com\/polska\/wp-content\/uploads\/2025\/08\/legends-1024x1024.png\" class=\"attachment-large size-large wp-image-24628\" alt=\"\" srcset=\"https:\/\/eldoradolanguages.com\/polska\/wp-content\/uploads\/2025\/08\/legends-1024x1024.png 1024w, https:\/\/eldoradolanguages.com\/polska\/wp-content\/uploads\/2025\/08\/legends-300x300.png 300w, https:\/\/eldoradolanguages.com\/polska\/wp-content\/uploads\/2025\/08\/legends-150x150.png 150w, https:\/\/eldoradolanguages.com\/polska\/wp-content\/uploads\/2025\/08\/legends-768x768.png 768w, https:\/\/eldoradolanguages.com\/polska\/wp-content\/uploads\/2025\/08\/legends-600x600.png 600w, https:\/\/eldoradolanguages.com\/polska\/wp-content\/uploads\/2025\/08\/legends-100x100.png 100w, https:\/\/eldoradolanguages.com\/polska\/wp-content\/uploads\/2025\/08\/legends.png 1080w\" sizes=\"(max-width: 640px) 100vw, 640px\" \/>\t\t\t\t\t\t\t\t\t\t\t\t\t<\/div>\n\t\t\t\t<\/div>\n\t\t\t\t<div class=\"elementor-element elementor-element-e17f6ef elementor-widget elementor-widget-spacer\" data-id=\"e17f6ef\" data-element_type=\"widget\" data-widget_type=\"spacer.default\">\n\t\t\t\t<div class=\"elementor-widget-container\">\n\t\t\t<style>\/*! elementor - v3.20.0 - 26-03-2024 *\/\n.elementor-column .elementor-spacer-inner{height:var(--spacer-size)}.e-con{--container-widget-width:100%}.e-con-inner>.elementor-widget-spacer,.e-con>.elementor-widget-spacer{width:var(--container-widget-width,var(--spacer-size));--align-self:var(--container-widget-align-self,initial);--flex-shrink:0}.e-con-inner>.elementor-widget-spacer>.elementor-widget-container,.e-con>.elementor-widget-spacer>.elementor-widget-container{height:100%;width:100%}.e-con-inner>.elementor-widget-spacer>.elementor-widget-container>.elementor-spacer,.e-con>.elementor-widget-spacer>.elementor-widget-container>.elementor-spacer{height:100%}.e-con-inner>.elementor-widget-spacer>.elementor-widget-container>.elementor-spacer>.elementor-spacer-inner,.e-con>.elementor-widget-spacer>.elementor-widget-container>.elementor-spacer>.elementor-spacer-inner{height:var(--container-widget-height,var(--spacer-size))}.e-con-inner>.elementor-widget-spacer.elementor-widget-empty,.e-con>.elementor-widget-spacer.elementor-widget-empty{position:relative;min-height:22px;min-width:22px}.e-con-inner>.elementor-widget-spacer.elementor-widget-empty .elementor-widget-empty-icon,.e-con>.elementor-widget-spacer.elementor-widget-empty .elementor-widget-empty-icon{position:absolute;top:0;bottom:0;left:0;right:0;margin:auto;padding:0;width:22px;height:22px}<\/style>\t\t<div class=\"elementor-spacer\">\n\t\t\t<div class=\"elementor-spacer-inner\"><\/div>\n\t\t<\/div>\n\t\t\t\t<\/div>\n\t\t\t\t<\/div>\n\t\t\t\t\t<\/div>\n\t\t<\/div>\n\t\t\t\t<div class=\"elementor-column elementor-col-50 elementor-top-column elementor-element elementor-element-5129c61\" data-id=\"5129c61\" data-element_type=\"column\">\n\t\t\t<div class=\"elementor-widget-wrap elementor-element-populated\">\n\t\t\t\t\t\t<div class=\"elementor-element elementor-element-aef6543 elementor-widget__width-initial elementor-widget elementor-widget-image\" data-id=\"aef6543\" data-element_type=\"widget\" data-widget_type=\"image.default\">\n\t\t\t\t<div class=\"elementor-widget-container\">\n\t\t\t\t\t\t\t\t\t\t\t\t\t<img decoding=\"async\" width=\"640\" height=\"103\" src=\"https:\/\/eldoradolanguages.com\/polska\/wp-content\/uploads\/2025\/08\/lEGENDS-STEPS2-1024x164.png\" class=\"attachment-large size-large wp-image-24642\" alt=\"\" srcset=\"https:\/\/eldoradolanguages.com\/polska\/wp-content\/uploads\/2025\/08\/lEGENDS-STEPS2-1024x164.png 1024w, https:\/\/eldoradolanguages.com\/polska\/wp-content\/uploads\/2025\/08\/lEGENDS-STEPS2-300x48.png 300w, https:\/\/eldoradolanguages.com\/polska\/wp-content\/uploads\/2025\/08\/lEGENDS-STEPS2-768x123.png 768w, https:\/\/eldoradolanguages.com\/polska\/wp-content\/uploads\/2025\/08\/lEGENDS-STEPS2-600x96.png 600w, https:\/\/eldoradolanguages.com\/polska\/wp-content\/uploads\/2025\/08\/lEGENDS-STEPS2.png 1080w\" sizes=\"(max-width: 640px) 100vw, 640px\" \/>\t\t\t\t\t\t\t\t\t\t\t\t\t<\/div>\n\t\t\t\t<\/div>\n\t\t\t\t<div class=\"elementor-element elementor-element-b8d9a88 elementor-widget elementor-widget-heading\" data-id=\"b8d9a88\" data-element_type=\"widget\" data-widget_type=\"heading.default\">\n\t\t\t\t<div class=\"elementor-widget-container\">\n\t\t\t<style>\/*! elementor - v3.20.0 - 26-03-2024 *\/\n.elementor-heading-title{padding:0;margin:0;line-height:1}.elementor-widget-heading .elementor-heading-title[class*=elementor-size-]>a{color:inherit;font-size:inherit;line-height:inherit}.elementor-widget-heading .elementor-heading-title.elementor-size-small{font-size:15px}.elementor-widget-heading .elementor-heading-title.elementor-size-medium{font-size:19px}.elementor-widget-heading .elementor-heading-title.elementor-size-large{font-size:29px}.elementor-widget-heading .elementor-heading-title.elementor-size-xl{font-size:39px}.elementor-widget-heading .elementor-heading-title.elementor-size-xxl{font-size:59px}<\/style><h3 class=\"elementor-heading-title elementor-size-default\">3 poziomy<\/h3>\t\t<\/div>\n\t\t\t\t<\/div>\n\t\t\t\t<div class=\"elementor-element elementor-element-ca0741b elementor-widget elementor-widget-spacer\" data-id=\"ca0741b\" data-element_type=\"widget\" data-widget_type=\"spacer.default\">\n\t\t\t\t<div class=\"elementor-widget-container\">\n\t\t\t\t\t<div class=\"elementor-spacer\">\n\t\t\t<div class=\"elementor-spacer-inner\"><\/div>\n\t\t<\/div>\n\t\t\t\t<\/div>\n\t\t\t\t<\/div>\n\t\t\t\t<div class=\"elementor-element elementor-element-87db11e elementor-invisible elementor-widget elementor-widget-text-editor\" data-id=\"87db11e\" data-element_type=\"widget\" data-settings=\"{&quot;_animation&quot;:&quot;fadeIn&quot;,&quot;_animation_delay&quot;:200}\" data-widget_type=\"text-editor.default\">\n\t\t\t\t<div class=\"elementor-widget-container\">\n\t\t\t<style>\/*! elementor - v3.20.0 - 26-03-2024 *\/\n.elementor-widget-text-editor.elementor-drop-cap-view-stacked .elementor-drop-cap{background-color:#69727d;color:#fff}.elementor-widget-text-editor.elementor-drop-cap-view-framed .elementor-drop-cap{color:#69727d;border:3px solid;background-color:transparent}.elementor-widget-text-editor:not(.elementor-drop-cap-view-default) .elementor-drop-cap{margin-top:8px}.elementor-widget-text-editor:not(.elementor-drop-cap-view-default) .elementor-drop-cap-letter{width:1em;height:1em}.elementor-widget-text-editor .elementor-drop-cap{float:left;text-align:center;line-height:1;font-size:50px}.elementor-widget-text-editor .elementor-drop-cap-letter{display:inline-block}<\/style>\t\t\t\t<p><strong>Twoje umiej\u0119tno\u015bci wchodz\u0105 na wy\u017cszy poziom! \u26a1<\/strong><\/p><ul><li>Opr\u00f3cz p\u0142ynnej komunikacji rozwijamy zas\u00f3b s\u0142ownictwa i poznajemy struktury, kt\u00f3re pozwalaj\u0105 wyra\u017ca\u0107 opinie, argumentowa\u0107 i opowiada\u0107 o r\u00f3\u017cnych tematach.<\/li><li>Dzi\u0119ki temu uczniowie potrafi\u0105 swobodnie wypowiada\u0107 si\u0119 w j\u0119zyku obcym, a nauka zaczyna przypomina\u0107 prawdziwe rozmowy z \u017cycia codziennego.<\/li><\/ul>\t\t\t\t\t\t<\/div>\n\t\t\t\t<\/div>\n\t\t\t\t<div class=\"elementor-element elementor-element-76ec847 elementor-mobile-align-justify animated-fast elementor-align-center elementor-invisible elementor-widget elementor-widget-button\" data-id=\"76ec847\" data-element_type=\"widget\" data-settings=\"{&quot;_animation&quot;:&quot;fadeIn&quot;,&quot;_animation_delay&quot;:400}\" data-widget_type=\"button.default\">\n\t\t\t\t<div class=\"elementor-widget-container\">\n\t\t\t\t\t<div class=\"elementor-button-wrapper\">\n\t\t\t<a class=\"elementor-button elementor-button-link elementor-size-sm elementor-animation-float\" href=\"#zapis\">\n\t\t\t\t\t\t<span class=\"elementor-button-content-wrapper\">\n\t\t\t\t\t\t<span class=\"elementor-button-text\">Zapisz si\u0119<\/span>\n\t\t<\/span>\n\t\t\t\t\t<\/a>\n\t\t<\/div>\n\t\t\t\t<\/div>\n\t\t\t\t<\/div>\n\t\t\t\t\t<\/div>\n\t\t<\/div>\n\t\t\t\t\t<\/div>\n\t\t<\/section>\n\t\t<div class=\"elementor-element elementor-element-bea23e0 e-flex e-con-boxed e-con e-parent\" data-id=\"bea23e0\" data-element_type=\"container\" data-settings=\"{&quot;background_background&quot;:&quot;gradient&quot;}\" data-core-v316-plus=\"true\">\n\t\t\t\t\t<div class=\"e-con-inner\">\n\t\t<div class=\"elementor-element elementor-element-734b520 e-con-full e-flex e-con e-child\" data-id=\"734b520\" data-element_type=\"container\">\n\t\t\t\t<div class=\"elementor-element elementor-element-dee5ea2 elementor-widget elementor-widget-heading\" data-id=\"dee5ea2\" data-element_type=\"widget\" data-widget_type=\"heading.default\">\n\t\t\t\t<div class=\"elementor-widget-container\">\n\t\t\t<h2 class=\"elementor-heading-title elementor-size-default\"><h2 class=\"elementor-heading-title elementor-size-default elementor-inline-editing pen\" data-elementor-setting-key=\"title\" data-pen-placeholder=\"Pisz tutaj...\" style=\"line-height: 44px; letter-spacing: -1px;\"><font color=\"#05173d\" face=\"Inter, sans-serif\"><span style=\"font-size: 52px; font-weight: 500; text-transform: capitalize; background-color: rgb(242, 252, 254);\">Dowiedz si\u0119 wi\u0119cej<\/span><\/font><span style=\"background-color: transparent;\"><\/span><\/h2><\/h2>\t\t<\/div>\n\t\t\t\t<\/div>\n\t\t\t\t<div class=\"elementor-element elementor-element-28a61f0 elementor-widget elementor-widget-text-editor\" data-id=\"28a61f0\" data-element_type=\"widget\" data-widget_type=\"text-editor.default\">\n\t\t\t\t<div class=\"elementor-widget-container\">\n\t\t\t\t\t\t\t<p><em>Wype\u0142nij formularz kontaktowy\u00a0<\/em><br \/><em><span style=\"background-color: transparent;\">&#8211; skontaktujemy si\u0119 i odpowiemy na pytania.<\/span><\/em><\/p>\t\t\t\t\t\t<\/div>\n\t\t\t\t<\/div>\n\t\t\t\t<div class=\"elementor-element elementor-element-7a501d1 elementor-widget elementor-widget-thim-ekits-contact-form-7\" data-id=\"7a501d1\" data-element_type=\"widget\" data-widget_type=\"thim-ekits-contact-form-7.default\">\n\t\t\t\t<div class=\"elementor-widget-container\">\n\t\t\t\t\t\t<div class=\"thim-ekit-wpcf7\">\n\t\t\t\t\n<div class=\"wpcf7 no-js\" id=\"wpcf7-f24352-o1\" lang=\"en-US\" dir=\"ltr\" data-wpcf7-id=\"24352\">\n<div class=\"screen-reader-response\"><p role=\"status\" aria-live=\"polite\" aria-atomic=\"true\"><\/p> <ul><\/ul><\/div>\n<form action=\"\/polska\/wp-json\/wp\/v2\/pages\/24788#wpcf7-f24352-o1\" method=\"post\" class=\"wpcf7-form init\" aria-label=\"Contact form\" novalidate=\"novalidate\" data-status=\"init\">\n<div style=\"display: none;\">\n<input type=\"hidden\" name=\"_wpcf7\" value=\"24352\" \/>\n<input type=\"hidden\" name=\"_wpcf7_version\" value=\"6.0.3\" \/>\n<input type=\"hidden\" name=\"_wpcf7_locale\" value=\"en_US\" \/>\n<input type=\"hidden\" name=\"_wpcf7_unit_tag\" value=\"wpcf7-f24352-o1\" \/>\n<input type=\"hidden\" name=\"_wpcf7_container_post\" value=\"0\" \/>\n<input type=\"hidden\" name=\"_wpcf7_posted_data_hash\" value=\"\" \/>\n<\/div>\n<p><span class=\"wpcf7-form-control-wrap\" data-name=\"your-name\"><input size=\"40\" maxlength=\"400\" class=\"wpcf7-form-control wpcf7-text wpcf7-validates-as-required\" aria-required=\"true\" aria-invalid=\"false\" placeholder=\"imi\u0119 i nazwisko kursanta *\" value=\"\" type=\"text\" name=\"your-name\" \/><\/span>\n<\/p>\n<p><span class=\"wpcf7-form-control-wrap\" data-name=\"date-707\"><input class=\"wpcf7-form-control wpcf7-date wpcf7-validates-as-required wpcf7-validates-as-date\" aria-required=\"true\" aria-invalid=\"false\" value=\"data urodzenia kursanta\" type=\"date\" name=\"date-707\" \/><\/span>\n<\/p>\n<p><span class=\"wpcf7-form-control-wrap\" data-name=\"text-754\"><input size=\"40\" maxlength=\"400\" class=\"wpcf7-form-control wpcf7-text wpcf7-validates-as-required\" aria-required=\"true\" aria-invalid=\"false\" value=\"imi\u0119 i nazwisko rodzica\" type=\"text\" name=\"text-754\" \/><\/span>\n<\/p>\n<p><span class=\"wpcf7-form-control-wrap\" data-name=\"your-email\"><input size=\"40\" maxlength=\"400\" class=\"wpcf7-form-control wpcf7-email wpcf7-validates-as-required wpcf7-text wpcf7-validates-as-email\" aria-required=\"true\" aria-invalid=\"false\" placeholder=\"Email rodzica*\" value=\"\" type=\"email\" name=\"your-email\" \/><\/span>\n<\/p>\n<p><span class=\"wpcf7-form-control-wrap\" data-name=\"phone\"><input size=\"40\" maxlength=\"400\" class=\"wpcf7-form-control wpcf7-tel wpcf7-validates-as-required wpcf7-text wpcf7-validates-as-tel\" aria-required=\"true\" aria-invalid=\"false\" placeholder=\"telefon rodzica*\" value=\"\" type=\"tel\" name=\"phone\" \/><\/span>\n<\/p>\n<p><input class=\"wpcf7-form-control wpcf7-submit has-spinner\" type=\"submit\" value=\"Wy\u015blij\" \/>\n<\/p><div class=\"wpcf7-response-output\" aria-hidden=\"true\"><\/div>\n<\/form>\n<\/div>\n\t\t\t<\/div>\n\t\t\t\t\t<\/div>\n\t\t\t\t<\/div>\n\t\t\t\t<\/div>\n\t\t\t\t<div class=\"elementor-element elementor-element-a0b597e elementor-widget elementor-widget-image\" data-id=\"a0b597e\" data-element_type=\"widget\" data-widget_type=\"image.default\">\n\t\t\t\t<div class=\"elementor-widget-container\">\n\t\t\t\t\t\t\t\t\t\t\t\t\t<img decoding=\"async\" width=\"640\" height=\"800\" src=\"https:\/\/eldoradolanguages.com\/polska\/wp-content\/uploads\/2023\/08\/DSC09493-819x1024.jpg\" class=\"attachment-large size-large wp-image-23069\" alt=\"\" srcset=\"https:\/\/eldoradolanguages.com\/polska\/wp-content\/uploads\/2023\/08\/DSC09493-819x1024.jpg 819w, https:\/\/eldoradolanguages.com\/polska\/wp-content\/uploads\/2023\/08\/DSC09493-240x300.jpg 240w, https:\/\/eldoradolanguages.com\/polska\/wp-content\/uploads\/2023\/08\/DSC09493-768x960.jpg 768w, https:\/\/eldoradolanguages.com\/polska\/wp-content\/uploads\/2023\/08\/DSC09493-1229x1536.jpg 1229w, https:\/\/eldoradolanguages.com\/polska\/wp-content\/uploads\/2023\/08\/DSC09493-1638x2048.jpg 1638w, https:\/\/eldoradolanguages.com\/polska\/wp-content\/uploads\/2023\/08\/DSC09493-600x750.jpg 600w, https:\/\/eldoradolanguages.com\/polska\/wp-content\/uploads\/2023\/08\/DSC09493.jpg 1920w\" sizes=\"(max-width: 640px) 100vw, 640px\" \/>\t\t\t\t\t\t\t\t\t\t\t\t\t<\/div>\n\t\t\t\t<\/div>\n\t\t<div class=\"elementor-element elementor-element-7e37134 e-con-full e-flex e-con e-child\" data-id=\"7e37134\" data-element_type=\"container\">\n\t\t\t\t<div class=\"elementor-element elementor-element-56d5fd1 elementor-widget elementor-widget-heading\" data-id=\"56d5fd1\" data-element_type=\"widget\" data-widget_type=\"heading.default\">\n\t\t\t\t<div class=\"elementor-widget-container\">\n\t\t\t<h4 class=\"elementor-heading-title elementor-size-default\"><h2 class=\"elementor-heading-title elementor-size-default elementor-inline-editing pen\" data-elementor-setting-key=\"title\" data-pen-placeholder=\"Pisz tutaj...\" style=\"line-height: 44px; letter-spacing: -1px;\"><font color=\"#05173d\" face=\"Inter, sans-serif\"><span style=\"font-size: 52px; font-weight: 500; text-transform: capitalize; background-color: rgb(242, 252, 254);\">zapisz si\u0119<\/span><\/font><span style=\"background-color: transparent;\"><\/span><\/h2><\/h4>\t\t<\/div>\n\t\t\t\t<\/div>\n\t\t\t\t<div class=\"elementor-element elementor-element-592aa8e elementor-widget elementor-widget-text-editor\" data-id=\"592aa8e\" data-element_type=\"widget\" data-widget_type=\"text-editor.default\">\n\t\t\t\t<div class=\"elementor-widget-container\">\n\t\t\t\t\t\t\t<p data-start=\"55\" data-end=\"177\"><b>Wype\u0142nij&nbsp; formularz<\/b> \u2013<b> my zajmiemy si\u0119 reszt\u0105!<\/b>&nbsp;<\/p><p data-start=\"55\" data-end=\"177\">Dopasujemy dla Ciebie odpowiedni\u0105 grup\u0119 i przygotujemy wszystkie potrzebne dokumenty.<\/p>\t\t\t\t\t\t<\/div>\n\t\t\t\t<\/div>\n\t\t\t\t<div class=\"elementor-element elementor-element-c99ec58 elementor-mobile-align-justify animated-fast elementor-align-center elementor-invisible elementor-widget elementor-widget-button\" data-id=\"c99ec58\" data-element_type=\"widget\" data-settings=\"{&quot;_animation&quot;:&quot;fadeIn&quot;,&quot;_animation_delay&quot;:400}\" data-widget_type=\"button.default\">\n\t\t\t\t<div class=\"elementor-widget-container\">\n\t\t\t\t\t<div class=\"elementor-button-wrapper\">\n\t\t\t<a class=\"elementor-button elementor-button-link elementor-size-sm elementor-animation-float\" href=\"https:\/\/e-dorado.langlion.com\/forms\/dolacz-do-nas-dziecko\" target=\"_blank\" rel=\"noopener\">\n\t\t\t\t\t\t<span class=\"elementor-button-content-wrapper\">\n\t\t\t\t\t\t<span class=\"elementor-button-text\">Zapisz si\u0119<\/span>\n\t\t<\/span>\n\t\t\t\t\t<\/a>\n\t\t<\/div>\n\t\t\t\t<\/div>\n\t\t\t\t<\/div>\n\t\t\t\t<\/div>\n\t\t\t\t\t<\/div>\n\t\t\t\t<\/div>\n\t\t\t\t<\/div>\n\t\t","protected":false},"excerpt":{"rendered":"<p>3 poziomy Twoje umiej\u0119tno\u015bci wchodz\u0105 na wy\u017cszy poziom! \u26a1 Opr\u00f3cz p\u0142ynnej komunikacji rozwijamy zas\u00f3b s\u0142ownictwa i poznajemy struktury, kt\u00f3re pozwalaj\u0105 wyra\u017ca\u0107 opinie, argumentowa\u0107 i opowiada\u0107 o r\u00f3\u017cnych tematach. Dzi\u0119ki temu uczniowie potrafi\u0105 swobodnie wypowiada\u0107 si\u0119 w j\u0119zyku obcym, a nauka &hellip; <\/p>\n","protected":false},"author":4,"featured_media":0,"parent":0,"menu_order":0,"comment_status":"closed","ping_status":"closed","template":"elementor_header_footer","meta":{"content-type":"","footnotes":""},"class_list":["post-24788","page","type-page","status-publish","hentry"],"_links":{"self":[{"href":"https:\/\/eldoradolanguages.com\/polska\/wp-json\/wp\/v2\/pages\/24788","targetHints":{"allow":["GET"]}}],"collection":[{"href":"https:\/\/eldoradolanguages.com\/polska\/wp-json\/wp\/v2\/pages"}],"about":[{"href":"https:\/\/eldoradolanguages.com\/polska\/wp-json\/wp\/v2\/types\/page"}],"author":[{"embeddable":true,"href":"https:\/\/eldoradolanguages.com\/polska\/wp-json\/wp\/v2\/users\/4"}],"replies":[{"embeddable":true,"href":"https:\/\/eldoradolanguages.com\/polska\/wp-json\/wp\/v2\/comments?post=24788"}],"version-history":[{"count":4,"href":"https:\/\/eldoradolanguages.com\/polska\/wp-json\/wp\/v2\/pages\/24788\/revisions"}],"predecessor-version":[{"id":24795,"href":"https:\/\/eldoradolanguages.com\/polska\/wp-json\/wp\/v2\/pages\/24788\/revisions\/24795"}],"wp:attachment":[{"href":"https:\/\/eldoradolanguages.com\/polska\/wp-json\/wp\/v2\/media?parent=24788"}],"curies":[{"name":"wp","href":"https:\/\/api.w.org\/{rel}","templated":true}]}}